{"id":627,"date":"2022-11-19T05:44:43","date_gmt":"2022-11-19T05:44:43","guid":{"rendered":"https:\/\/adgreentech.com\/?page_id=627"},"modified":"2022-11-19T05:44:44","modified_gmt":"2022-11-19T05:44:44","slug":"case-studies","status":"publish","type":"page","link":"https:\/\/adgreentech.com\/index.php\/case-studies\/","title":{"rendered":"Case Studies"},"content":{"rendered":"\n<h3 class=\"wp-block-heading\">RESUMEN EJECUTIVO DE PRINCIPALES PROYECTOS EJECUTADOS<\/h3>\n\n\n\n<h4 class=\"wp-block-heading\">1) Procura de 1,000 M\u00f3dulos Solares para el Ministerio de Educaci\u00f3n del Per\u00fa.<br><\/h4>\n\n\n\n<p><strong>Canal de Ejecuci\u00f3n:<\/strong><br>Pacific Store SAC<br><br><strong>Localizaci\u00f3n:<\/strong><br>Nivel Nacional<\/p>\n\n\n\n<p><strong>Fecha: <\/strong><br>Julio 2013<br><\/p>\n\n\n\n<p><strong>Descripci\u00f3n del Proyecto:<\/strong><br>M\u00f3dulos Solares Portables para alimentar agrupaciones de hasta seis (06) notebooks<br>de uso escolar en zonas rurales del pa\u00eds.<\/p>\n\n\n<div class=\"wp-block-image\">\n<figure class=\"aligncenter size-large is-resized\"><img loading=\"lazy\" decoding=\"async\" src=\"https:\/\/adgreentech.com\/wp-content\/uploads\/2022\/11\/ningbo-jinshi-1-767x1024.jpg\" alt=\"\" class=\"wp-image-629\" width=\"575\" height=\"768\" srcset=\"https:\/\/adgreentech.com\/wp-content\/uploads\/2022\/11\/ningbo-jinshi-1-767x1024.jpg 767w, https:\/\/adgreentech.com\/wp-content\/uploads\/2022\/11\/ningbo-jinshi-1-225x300.jpg 225w, https:\/\/adgreentech.com\/wp-content\/uploads\/2022\/11\/ningbo-jinshi-1-768x1026.jpg 768w, https:\/\/adgreentech.com\/wp-content\/uploads\/2022\/11\/ningbo-jinshi-1.jpg 835w\" sizes=\"auto, (max-width: 575px) 100vw, 575px\" \/><\/figure>\n<\/div>\n\n\n<p><\/p>\n\n\n\n<p><\/p>\n\n\n\n<h4 class=\"wp-block-heading\">2) Proyecto de Responsabilidad Social y Clim\u00e1tica para Villa Solar<br>Angola<\/h4>\n\n\n\n<p><br><strong>Canal de Ejecuci\u00f3n:<\/strong><br>Schneider Electric Per\u00fa SAC<br><br><strong>Localizaci\u00f3n:<\/strong><br>Anexo Angola, distrito de Quilman\u00e1, provincia de Ca\u00f1ete, Departamento de Lima, Per\u00fa<br><\/p>\n\n\n\n<p><strong>Fecha:<\/strong><br>Octubre 2014<br><\/p>\n\n\n\n<p><strong>Situaci\u00f3n:<\/strong><br>Comunidad campesina de peque\u00f1os ganaderos lecheros con econom\u00eda de<br>subsistencia, no contaban con servicios de suministro el\u00e9ctrico, debido a que la<br>interconexi\u00f3n del Anexo no era viable financieramente para empresa de distribuci\u00f3n<br>el\u00e9ctrica (en esa \u00e9poca Edelca\u00f1ete hoy Luz del Sur).<br><\/p>\n\n\n\n<p><strong>Descripci\u00f3n del Proyecto:<\/strong><br>Con donaci\u00f3n de la Fundaci\u00f3n Schneider de Paris, Francia y uso de energ\u00eda<br>fotovoltaica, se logr\u00f3 incorporar las viviendas de toda la comunidad (42 familias) a<br>servicios el\u00e9ctricos b\u00e1sicos (4 puntos de iluminaci\u00f3n LED, cargador de tel\u00e9fono celular<br>y un radio receptor AM\/FM), tambi\u00e9n se ilumin\u00f3 una losa deportiva multiprop\u00f3sito y<br>adicionalmente se dot\u00f3 de servicios de energ\u00eda de 1KW cada una a 2 instalaciones de<br>uso comunitario: Wawahuasi y Centro Comunal.<br><br><strong>Impacto:<\/strong><br>A\u00fan no se ha terminado de cuantificar el impacto total; a inmediato plazo signific\u00f3 el<br>ahorro de alrededor de S\/120 por mes a cada familia por los conceptos compra de<br>velas y carga de equipos celulares, pero el impacto final a\u00fan se est\u00e1 midiendo con<br>antrop\u00f3logos especializados.<br><\/p>\n\n\n\n<figure class=\"wp-block-gallery has-nested-images columns-default is-cropped wp-block-gallery-1 is-layout-flex wp-block-gallery-is-layout-flex\">\n<figure class=\"wp-block-image size-large\"><img loading=\"lazy\" decoding=\"async\" width=\"1024\" height=\"765\" data-id=\"634\" src=\"https:\/\/adgreentech.com\/wp-content\/uploads\/2022\/11\/angola1-1-1024x765.png\" alt=\"\" class=\"wp-image-634\" srcset=\"https:\/\/adgreentech.com\/wp-content\/uploads\/2022\/11\/angola1-1-1024x765.png 1024w, https:\/\/adgreentech.com\/wp-content\/uploads\/2022\/11\/angola1-1-300x224.png 300w, https:\/\/adgreentech.com\/wp-content\/uploads\/2022\/11\/angola1-1-768x574.png 768w, https:\/\/adgreentech.com\/wp-content\/uploads\/2022\/11\/angola1-1.png 1210w\" sizes=\"auto, (max-width: 1024px) 100vw, 1024px\" \/><\/figure>\n\n\n\n<figure class=\"wp-block-image size-large\"><img loading=\"lazy\" decoding=\"async\" width=\"1024\" height=\"768\" data-id=\"632\" src=\"https:\/\/adgreentech.com\/wp-content\/uploads\/2022\/11\/angola2-1024x768.png\" alt=\"\" class=\"wp-image-632\" srcset=\"https:\/\/adgreentech.com\/wp-content\/uploads\/2022\/11\/angola2-1024x768.png 1024w, https:\/\/adgreentech.com\/wp-content\/uploads\/2022\/11\/angola2-300x225.png 300w, https:\/\/adgreentech.com\/wp-content\/uploads\/2022\/11\/angola2-768x576.png 768w, https:\/\/adgreentech.com\/wp-content\/uploads\/2022\/11\/angola2.png 1190w\" sizes=\"auto, (max-width: 1024px) 100vw, 1024px\" \/><\/figure>\n\n\n\n<figure class=\"wp-block-image size-large\"><img loading=\"lazy\" decoding=\"async\" width=\"1024\" height=\"763\" data-id=\"636\" src=\"https:\/\/adgreentech.com\/wp-content\/uploads\/2022\/11\/angola3-1024x763.png\" alt=\"\" class=\"wp-image-636\" srcset=\"https:\/\/adgreentech.com\/wp-content\/uploads\/2022\/11\/angola3-1024x763.png 1024w, https:\/\/adgreentech.com\/wp-content\/uploads\/2022\/11\/angola3-300x224.png 300w, https:\/\/adgreentech.com\/wp-content\/uploads\/2022\/11\/angola3-768x572.png 768w, https:\/\/adgreentech.com\/wp-content\/uploads\/2022\/11\/angola3.png 1241w\" sizes=\"auto, (max-width: 1024px) 100vw, 1024px\" \/><\/figure>\n\n\n\n<figure class=\"wp-block-image size-large\"><img loading=\"lazy\" decoding=\"async\" width=\"676\" height=\"1024\" data-id=\"637\" src=\"https:\/\/adgreentech.com\/wp-content\/uploads\/2022\/11\/angola6-676x1024.jpg\" alt=\"\" class=\"wp-image-637\" srcset=\"https:\/\/adgreentech.com\/wp-content\/uploads\/2022\/11\/angola6-676x1024.jpg 676w, https:\/\/adgreentech.com\/wp-content\/uploads\/2022\/11\/angola6-198x300.jpg 198w, https:\/\/adgreentech.com\/wp-content\/uploads\/2022\/11\/angola6-768x1163.jpg 768w, https:\/\/adgreentech.com\/wp-content\/uploads\/2022\/11\/angola6.jpg 817w\" sizes=\"auto, (max-width: 676px) 100vw, 676px\" \/><\/figure>\n\n\n\n<figure class=\"wp-block-image size-large\"><img loading=\"lazy\" decoding=\"async\" width=\"675\" height=\"1024\" data-id=\"631\" src=\"https:\/\/adgreentech.com\/wp-content\/uploads\/2022\/11\/angola5-675x1024.png\" alt=\"\" class=\"wp-image-631\" srcset=\"https:\/\/adgreentech.com\/wp-content\/uploads\/2022\/11\/angola5-675x1024.png 675w, https:\/\/adgreentech.com\/wp-content\/uploads\/2022\/11\/angola5-198x300.png 198w, https:\/\/adgreentech.com\/wp-content\/uploads\/2022\/11\/angola5-768x1165.png 768w, https:\/\/adgreentech.com\/wp-content\/uploads\/2022\/11\/angola5.png 808w\" sizes=\"auto, (max-width: 675px) 100vw, 675px\" \/><\/figure>\n\n\n\n<figure class=\"wp-block-image size-large\"><img loading=\"lazy\" decoding=\"async\" width=\"1024\" height=\"768\" data-id=\"635\" src=\"https:\/\/adgreentech.com\/wp-content\/uploads\/2022\/11\/angola7-1024x768.png\" alt=\"\" class=\"wp-image-635\" srcset=\"https:\/\/adgreentech.com\/wp-content\/uploads\/2022\/11\/angola7-1024x768.png 1024w, https:\/\/adgreentech.com\/wp-content\/uploads\/2022\/11\/angola7-300x225.png 300w, https:\/\/adgreentech.com\/wp-content\/uploads\/2022\/11\/angola7-768x576.png 768w, https:\/\/adgreentech.com\/wp-content\/uploads\/2022\/11\/angola7.png 1072w\" sizes=\"auto, (max-width: 1024px) 100vw, 1024px\" \/><\/figure>\n<\/figure>\n\n\n\n<p><\/p>\n\n\n\n<p><\/p>\n\n\n\n<h4 class=\"wp-block-heading\">3) Implementaci\u00f3n de 7 M\u00f3dulos de Energ\u00eda Fotovoltaica para Bases<br>de la Marina de Guerra del Per\u00fa ubicadas en la Baja Amazon\u00eda<br><\/h4>\n\n\n\n<p><strong>Canal de Ejecuci\u00f3n:<\/strong><br>BMP Ingenieros SAC (hoy BMP Consulting SAC)<\/p>\n\n\n\n<p><br><strong>Canal de Ejecuci\u00f3n:<\/strong><br>Marina de Guerra del Per\u00fa<\/p>\n\n\n\n<p><br><strong>Localizaci\u00f3n:<\/strong><br>Bases de la Marina de Guerra del Per\u00fa ubicadas en Santa Rosa, Pantoja, Chimbote,<br>Maz\u00e1n, Estrecho, Gueppi y Puerto Pardo.<\/p>\n\n\n\n<p><br><strong>Fecha:<\/strong><br>Agosto 2014<\/p>\n\n\n\n<p><br><strong>Descripci\u00f3n del Proyecto:<\/strong><br>Implementaci\u00f3n de 7 Generadores de Energ\u00eda Fotovoltaica para alimentaci\u00f3n de<br>equipos de telecomunicaciones HF de uso t\u00e1ctico (caracter\u00edsticas reservadas como<br>secreto militar).<\/p>\n\n\n\n<p><\/p>\n\n\n\n<p><\/p>\n\n\n\n<h4 class=\"wp-block-heading\"><br>4) Implementaci\u00f3n de 5 M\u00f3dulos de Energ\u00eda Fotovoltaica para Bases<br>de la Marina de Guerra del Per\u00fa ubicadas en el VRAEM<\/h4>\n\n\n\n<p><\/p>\n\n\n\n<p><strong>Canal de Ejecuci\u00f3n:<\/strong><br>BMP Ingenieros SAC (hoy BMP Consulting SAC)<\/p>\n\n\n\n<p><br><strong>Localizaci\u00f3n:<\/strong><br>Bases de la Marina de Guerra del Per\u00fa ubicadas en Anapati, Ivochote, Camisea, Puerto<br>Sepahua y Puerto Atalaya.<\/p>\n\n\n\n<p><br><strong>Fecha:<\/strong><br>Octubre 2014<\/p>\n\n\n\n<p><br><strong>Descripci\u00f3n del Proyecto:<\/strong><br>Implementaci\u00f3n de 5 Generadores de Energ\u00eda Fotovoltaica para alimentaci\u00f3n de<br>equipos de comunicaci\u00f3n satelital Fly Away de uso t\u00e1ctico (caracter\u00edsticas reservadas<br>como secreto militar). La prestaci\u00f3n tambi\u00e9n incluyo el dise\u00f1o y fabricaci\u00f3n de 10<br>generadores fotovoltaicos de tipo portable para operaciones especiales en zonas de<br>combate.<\/p>\n\n\n\n<figure class=\"wp-block-gallery has-nested-images columns-default is-cropped wp-block-gallery-2 is-layout-flex wp-block-gallery-is-layout-flex\">\n<figure class=\"wp-block-image size-large\"><img loading=\"lazy\" decoding=\"async\" width=\"372\" height=\"500\" data-id=\"642\" src=\"https:\/\/adgreentech.com\/wp-content\/uploads\/2022\/11\/vraem1-1.png\" alt=\"\" class=\"wp-image-642\" srcset=\"https:\/\/adgreentech.com\/wp-content\/uploads\/2022\/11\/vraem1-1.png 372w, https:\/\/adgreentech.com\/wp-content\/uploads\/2022\/11\/vraem1-1-223x300.png 223w\" sizes=\"auto, (max-width: 372px) 100vw, 372px\" \/><\/figure>\n\n\n\n<figure class=\"wp-block-image size-large\"><img loading=\"lazy\" decoding=\"async\" width=\"665\" height=\"493\" data-id=\"641\" src=\"https:\/\/adgreentech.com\/wp-content\/uploads\/2022\/11\/vraem2-1.png\" alt=\"\" class=\"wp-image-641\" srcset=\"https:\/\/adgreentech.com\/wp-content\/uploads\/2022\/11\/vraem2-1.png 665w, https:\/\/adgreentech.com\/wp-content\/uploads\/2022\/11\/vraem2-1-300x222.png 300w\" sizes=\"auto, (max-width: 665px) 100vw, 665px\" \/><\/figure>\n\n\n\n<figure class=\"wp-block-image\"><img decoding=\"async\" src=\"https:\/\/adgreentech.com\/wp-content\/uploads\/2022\/11\/vraem3.png\" alt=\"This image has an empty alt attribute; its file name is vraem3.png\"\/><\/figure>\n\n\n\n<figure class=\"wp-block-image size-large\"><img loading=\"lazy\" decoding=\"async\" width=\"852\" height=\"493\" data-id=\"643\" src=\"https:\/\/adgreentech.com\/wp-content\/uploads\/2022\/11\/vraem4.png\" alt=\"\" class=\"wp-image-643\" srcset=\"https:\/\/adgreentech.com\/wp-content\/uploads\/2022\/11\/vraem4.png 852w, https:\/\/adgreentech.com\/wp-content\/uploads\/2022\/11\/vraem4-300x174.png 300w, https:\/\/adgreentech.com\/wp-content\/uploads\/2022\/11\/vraem4-768x444.png 768w\" sizes=\"auto, (max-width: 852px) 100vw, 852px\" \/><\/figure>\n<\/figure>\n\n\n\n<p><\/p>\n\n\n\n<p><\/p>\n\n\n\n<h4 class=\"wp-block-heading\">5) Implementaci\u00f3n de 11,000 M\u00f3dulos de Almacenamiento de Energ\u00eda (Li-ion con capacidad de recarga Solar) para Prueba Piloto de Votaci\u00f3n Electr\u00f3nica de la Oficina Nacional de Procesos Electorales (ONPE): Elecciones Generales 2016<\/h4>\n\n\n\n<p><br><strong>Canal de Ejecuci\u00f3n:<\/strong><br>Inversiones Ancona SAC<\/p>\n\n\n\n<p><br><strong>Usuario Final:<\/strong><br>Oficina Nacional de Procesos Electorales (ONPE)<\/p>\n\n\n\n<p><br><strong>Localizaci\u00f3n:<\/strong><br>11,000 Centros de Votaci\u00f3n Piloto de ONPE, ubicadas en la provincia de Lima.<\/p>\n\n\n\n<p><br><strong>Fecha:<\/strong><br>Marzo 2016<\/p>\n\n\n\n<p><br><strong>Descripci\u00f3n del Proyecto:<\/strong><br>Dise\u00f1o, fabricaci\u00f3n (maquila en f\u00e1brica de China) y Procura de 11,000 elementos de<br>almacenamiento de energ\u00eda de tecnolog\u00eda i\u00f3n de Litio (Li-ion) para dotaci\u00f3n de energ\u00eda<br>ininterrumpida a los M\u00f3dulos de Prueba Piloto de Votaci\u00f3n Electr\u00f3nica que se<br>utilizaron en la provincia de Lima (incluyendo zonas rurales off-grid) en las \u00faltimas<br>Elecciones Generales 2016.<\/p>\n\n\n\n<p><br><\/p>\n\n\n\n<figure class=\"wp-block-gallery has-nested-images columns-default is-cropped wp-block-gallery-3 is-layout-flex wp-block-gallery-is-layout-flex\">\n<figure class=\"wp-block-image size-large\"><img loading=\"lazy\" decoding=\"async\" width=\"1024\" height=\"372\" data-id=\"645\" src=\"https:\/\/adgreentech.com\/wp-content\/uploads\/2022\/11\/onpe-1024x372.png\" alt=\"\" class=\"wp-image-645\" srcset=\"https:\/\/adgreentech.com\/wp-content\/uploads\/2022\/11\/onpe-1024x372.png 1024w, https:\/\/adgreentech.com\/wp-content\/uploads\/2022\/11\/onpe-300x109.png 300w, https:\/\/adgreentech.com\/wp-content\/uploads\/2022\/11\/onpe-768x279.png 768w, https:\/\/adgreentech.com\/wp-content\/uploads\/2022\/11\/onpe-1536x558.png 1536w, https:\/\/adgreentech.com\/wp-content\/uploads\/2022\/11\/onpe.png 1875w\" sizes=\"auto, (max-width: 1024px) 100vw, 1024px\" \/><\/figure>\n\n\n\n<figure class=\"wp-block-image size-large\"><img loading=\"lazy\" decoding=\"async\" width=\"1024\" height=\"471\" data-id=\"644\" src=\"https:\/\/adgreentech.com\/wp-content\/uploads\/2022\/11\/onpe2-1024x471.png\" alt=\"\" class=\"wp-image-644\" srcset=\"https:\/\/adgreentech.com\/wp-content\/uploads\/2022\/11\/onpe2-1024x471.png 1024w, https:\/\/adgreentech.com\/wp-content\/uploads\/2022\/11\/onpe2-300x138.png 300w, https:\/\/adgreentech.com\/wp-content\/uploads\/2022\/11\/onpe2-768x353.png 768w, https:\/\/adgreentech.com\/wp-content\/uploads\/2022\/11\/onpe2.png 1229w\" sizes=\"auto, (max-width: 1024px) 100vw, 1024px\" \/><\/figure>\n<\/figure>\n\n\n\n<p><\/p>\n\n\n\n<p><\/p>\n\n\n\n<p><\/p>\n\n\n\n<h4 class=\"wp-block-heading\">6) Generador Fotovoltaico para Sistema de Video Vigilancia del<br>Ministerio de la Producci\u00f3n<\/h4>\n\n\n\n<p><br><strong>Canal de Ejecuci\u00f3n:<\/strong><br>SEC Corporation SAC<\/p>\n\n\n\n<p><br><strong>Usuario Final:<\/strong><br>Ministerio de la Producci\u00f3n (Produce)<\/p>\n\n\n\n<p><br><strong>Localizaci\u00f3n:<\/strong><br>Muelle Artesanal de Pescadores, Puerto de Chimbote, Ancash<\/p>\n\n\n\n<p><br><strong>Fecha:<\/strong><br>Julio 2016<\/p>\n\n\n\n<p><br><strong>Descripci\u00f3n del Proyecto:<\/strong><br>Ingenier\u00eda, integraci\u00f3n, procura, instalaci\u00f3n y puesta en marcha de mini Planta<br>Fotovoltaica para abastecer de energ\u00eda el\u00e9ctrica aut\u00f3noma a Estaci\u00f3n de Video<br>Vigilancia en Muelle Artesanal de Pescadores del Puerto de Chimbote, Ancash.<\/p>\n\n\n\n<figure class=\"wp-block-gallery has-nested-images columns-default is-cropped wp-block-gallery-4 is-layout-flex wp-block-gallery-is-layout-flex\">\n<figure class=\"wp-block-image size-large\"><img loading=\"lazy\" decoding=\"async\" width=\"1024\" height=\"575\" data-id=\"646\" src=\"https:\/\/adgreentech.com\/wp-content\/uploads\/2022\/11\/produce1-1024x575.png\" alt=\"\" class=\"wp-image-646\" srcset=\"https:\/\/adgreentech.com\/wp-content\/uploads\/2022\/11\/produce1-1024x575.png 1024w, https:\/\/adgreentech.com\/wp-content\/uploads\/2022\/11\/produce1-300x169.png 300w, https:\/\/adgreentech.com\/wp-content\/uploads\/2022\/11\/produce1-768x431.png 768w, https:\/\/adgreentech.com\/wp-content\/uploads\/2022\/11\/produce1.png 1173w\" sizes=\"auto, (max-width: 1024px) 100vw, 1024px\" \/><\/figure>\n\n\n\n<figure class=\"wp-block-image size-large\"><img loading=\"lazy\" decoding=\"async\" width=\"1024\" height=\"577\" data-id=\"647\" src=\"https:\/\/adgreentech.com\/wp-content\/uploads\/2022\/11\/produce2-1024x577.png\" alt=\"\" class=\"wp-image-647\" srcset=\"https:\/\/adgreentech.com\/wp-content\/uploads\/2022\/11\/produce2-1024x577.png 1024w, https:\/\/adgreentech.com\/wp-content\/uploads\/2022\/11\/produce2-300x169.png 300w, https:\/\/adgreentech.com\/wp-content\/uploads\/2022\/11\/produce2-768x432.png 768w, https:\/\/adgreentech.com\/wp-content\/uploads\/2022\/11\/produce2.png 1172w\" sizes=\"auto, (max-width: 1024px) 100vw, 1024px\" \/><\/figure>\n\n\n\n<figure class=\"wp-block-image size-large\"><img loading=\"lazy\" decoding=\"async\" width=\"1024\" height=\"573\" data-id=\"649\" src=\"https:\/\/adgreentech.com\/wp-content\/uploads\/2022\/11\/produce3-1024x573.png\" alt=\"\" class=\"wp-image-649\" srcset=\"https:\/\/adgreentech.com\/wp-content\/uploads\/2022\/11\/produce3-1024x573.png 1024w, https:\/\/adgreentech.com\/wp-content\/uploads\/2022\/11\/produce3-300x168.png 300w, https:\/\/adgreentech.com\/wp-content\/uploads\/2022\/11\/produce3-768x430.png 768w, https:\/\/adgreentech.com\/wp-content\/uploads\/2022\/11\/produce3.png 1178w\" sizes=\"auto, (max-width: 1024px) 100vw, 1024px\" \/><\/figure>\n\n\n\n<figure class=\"wp-block-image size-large\"><img loading=\"lazy\" decoding=\"async\" width=\"1024\" height=\"577\" data-id=\"648\" src=\"https:\/\/adgreentech.com\/wp-content\/uploads\/2022\/11\/produce4-1024x577.png\" alt=\"\" class=\"wp-image-648\" srcset=\"https:\/\/adgreentech.com\/wp-content\/uploads\/2022\/11\/produce4-1024x577.png 1024w, https:\/\/adgreentech.com\/wp-content\/uploads\/2022\/11\/produce4-300x169.png 300w, https:\/\/adgreentech.com\/wp-content\/uploads\/2022\/11\/produce4-768x433.png 768w, https:\/\/adgreentech.com\/wp-content\/uploads\/2022\/11\/produce4.png 1137w\" sizes=\"auto, (max-width: 1024px) 100vw, 1024px\" \/><\/figure>\n<\/figure>\n\n\n\n<p><\/p>\n\n\n\n<p><\/p>\n\n\n\n<h4 class=\"wp-block-heading\">7) Implementaci\u00f3n de Generador Fotovoltaico de 30KWp para Centro<br>de Acopio San Lorenzo, Cajamarca<br><\/h4>\n\n\n\n<p><strong>Canal de Ejecuci\u00f3n:<\/strong><br>SEC Corporation SAC<\/p>\n\n\n\n<p><br><strong>Usuario Final:<\/strong><br>Grupo Gloria<\/p>\n\n\n\n<p><br><strong>Localizaci\u00f3n:<\/strong><br>Pampa San Lorenzo (3,800msnm), Cajamarca<\/p>\n\n\n\n<p><br><strong>Fecha:<\/strong><br>Setiembre 2017<\/p>\n\n\n\n<p><br><strong>Descripci\u00f3n del Proyecto:<\/strong><br>Ingenier\u00eda, integraci\u00f3n, procura, instalaci\u00f3n y puesta en marcha de Planta Fotovoltaica<br>de 30KWp, Reservorio GEL de 80KWh, 30KW de salida trif\u00e1sica (efectiva) a 220V\/60Hz,<br>para el abastecimiento de energ\u00eda el\u00e9ctrica de la Planta L\u00e1ctea. Corresponde a un<br>proyecto piloto de un total de 40 Plantas similares.<\/p>\n\n\n\n<p><\/p>\n\n\n\n<figure class=\"wp-block-gallery has-nested-images columns-default is-cropped wp-block-gallery-5 is-layout-flex wp-block-gallery-is-layout-flex\">\n<figure class=\"wp-block-image size-large\"><img loading=\"lazy\" decoding=\"async\" width=\"1024\" height=\"563\" data-id=\"650\" src=\"https:\/\/adgreentech.com\/wp-content\/uploads\/2022\/11\/gloria-1024x563.png\" alt=\"\" class=\"wp-image-650\" srcset=\"https:\/\/adgreentech.com\/wp-content\/uploads\/2022\/11\/gloria-1024x563.png 1024w, https:\/\/adgreentech.com\/wp-content\/uploads\/2022\/11\/gloria-300x165.png 300w, https:\/\/adgreentech.com\/wp-content\/uploads\/2022\/11\/gloria-768x423.png 768w, https:\/\/adgreentech.com\/wp-content\/uploads\/2022\/11\/gloria.png 1234w\" sizes=\"auto, (max-width: 1024px) 100vw, 1024px\" \/><\/figure>\n\n\n\n<figure class=\"wp-block-image size-large\"><img loading=\"lazy\" decoding=\"async\" width=\"1024\" height=\"564\" data-id=\"651\" src=\"https:\/\/adgreentech.com\/wp-content\/uploads\/2022\/11\/gloria2-1024x564.png\" alt=\"\" class=\"wp-image-651\" srcset=\"https:\/\/adgreentech.com\/wp-content\/uploads\/2022\/11\/gloria2-1024x564.png 1024w, https:\/\/adgreentech.com\/wp-content\/uploads\/2022\/11\/gloria2-300x165.png 300w, https:\/\/adgreentech.com\/wp-content\/uploads\/2022\/11\/gloria2-768x423.png 768w, https:\/\/adgreentech.com\/wp-content\/uploads\/2022\/11\/gloria2.png 1230w\" sizes=\"auto, (max-width: 1024px) 100vw, 1024px\" \/><\/figure>\n\n\n\n<figure class=\"wp-block-image size-large\"><img loading=\"lazy\" decoding=\"async\" width=\"1024\" height=\"565\" data-id=\"652\" src=\"https:\/\/adgreentech.com\/wp-content\/uploads\/2022\/11\/gloria3-1024x565.png\" alt=\"\" class=\"wp-image-652\" srcset=\"https:\/\/adgreentech.com\/wp-content\/uploads\/2022\/11\/gloria3-1024x565.png 1024w, https:\/\/adgreentech.com\/wp-content\/uploads\/2022\/11\/gloria3-300x165.png 300w, https:\/\/adgreentech.com\/wp-content\/uploads\/2022\/11\/gloria3-768x423.png 768w, https:\/\/adgreentech.com\/wp-content\/uploads\/2022\/11\/gloria3.png 1264w\" sizes=\"auto, (max-width: 1024px) 100vw, 1024px\" \/><\/figure>\n\n\n\n<figure class=\"wp-block-image size-large\"><img loading=\"lazy\" decoding=\"async\" width=\"1024\" height=\"561\" data-id=\"653\" src=\"https:\/\/adgreentech.com\/wp-content\/uploads\/2022\/11\/gloria4-1024x561.png\" alt=\"\" class=\"wp-image-653\" srcset=\"https:\/\/adgreentech.com\/wp-content\/uploads\/2022\/11\/gloria4-1024x561.png 1024w, https:\/\/adgreentech.com\/wp-content\/uploads\/2022\/11\/gloria4-300x164.png 300w, https:\/\/adgreentech.com\/wp-content\/uploads\/2022\/11\/gloria4-768x421.png 768w, https:\/\/adgreentech.com\/wp-content\/uploads\/2022\/11\/gloria4.png 1263w\" sizes=\"auto, (max-width: 1024px) 100vw, 1024px\" \/><\/figure>\n<\/figure>\n\n\n\n<p><\/p>\n\n\n\n<p><\/p>\n","protected":false},"excerpt":{"rendered":"<p>RESUMEN EJECUTIVO DE PRINCIPALES PROYECTOS EJECUTADOS 1) Procura de 1,000 M\u00f3dulos Solares para el Ministerio de Educaci\u00f3n del Per\u00fa. Canal de Ejecuci\u00f3n:Pacific Store SAC Localizaci\u00f3n:Nivel Nacional Fecha: Julio 2013 Descripci\u00f3n del Proyecto:M\u00f3dulos Solares Portables para alimentar agrupaciones de hasta seis (06) notebooksde uso escolar en zonas rurales del pa\u00eds. 2) Proyecto de Responsabilidad Social y&hellip;&nbsp;<a href=\"https:\/\/adgreentech.com\/index.php\/case-studies\/\" rel=\"bookmark\">Read More &raquo;<span class=\"screen-reader-text\">Case Studies<\/span><\/a><\/p>\n","protected":false},"author":1,"featured_media":0,"parent":0,"menu_order":0,"comment_status":"closed","ping_status":"closed","template":"","meta":{"neve_meta_sidebar":"","neve_meta_container":"","neve_meta_enable_content_width":"","neve_meta_content_width":0,"neve_meta_title_alignment":"","neve_meta_author_avatar":"","neve_post_elements_order":"","neve_meta_disable_header":"","neve_meta_disable_footer":"","neve_meta_disable_title":"","_ti_tpc_template_sync":false,"_ti_tpc_template_id":"","footnotes":""},"class_list":["post-627","page","type-page","status-publish","hentry"],"_links":{"self":[{"href":"https:\/\/adgreentech.com\/index.php\/wp-json\/wp\/v2\/pages\/627","targetHints":{"allow":["GET"]}}],"collection":[{"href":"https:\/\/adgreentech.com\/index.php\/wp-json\/wp\/v2\/pages"}],"about":[{"href":"https:\/\/adgreentech.com\/index.php\/wp-json\/wp\/v2\/types\/page"}],"author":[{"embeddable":true,"href":"https:\/\/adgreentech.com\/index.php\/wp-json\/wp\/v2\/users\/1"}],"replies":[{"embeddable":true,"href":"https:\/\/adgreentech.com\/index.php\/wp-json\/wp\/v2\/comments?post=627"}],"version-history":[{"count":2,"href":"https:\/\/adgreentech.com\/index.php\/wp-json\/wp\/v2\/pages\/627\/revisions"}],"predecessor-version":[{"id":656,"href":"https:\/\/adgreentech.com\/index.php\/wp-json\/wp\/v2\/pages\/627\/revisions\/656"}],"wp:attachment":[{"href":"https:\/\/adgreentech.com\/index.php\/wp-json\/wp\/v2\/media?parent=627"}],"curies":[{"name":"wp","href":"https:\/\/api.w.org\/{rel}","templated":true}]}}